{"id":841,"date":"2023-05-17T12:07:00","date_gmt":"2023-05-17T10:07:00","guid":{"rendered":"https:\/\/oppel.at\/news\/"},"modified":"2023-07-03T17:16:13","modified_gmt":"2023-07-03T15:16:13","slug":"news","status":"publish","type":"page","link":"https:\/\/oppel.at\/en\/news\/","title":{"rendered":"News"},"content":{"rendered":"\r\n\t\t<div class=\"wp-block-getwid-recent-posts has-layout-list\">\r\n\t\t\t<div class=\"wp-block-getwid-recent-posts__wrapper\">\r\n\t\t\t\t\r\n<article id=\"post-1361\" class=\"wp-block-getwid-recent-posts__post\">\r\n    <div class=\"wp-block-getwid-recent-posts__post-wrapper\">\r\n                    <div class=\"wp-block-getwid-recent-posts__post-thumbnail\">\r\n                <a href=\"https:\/\/oppel.at\/en\/2023\/08\/06\/brechungen\/\"><img loading=\"lazy\" decoding=\"async\" width=\"468\" height=\"468\" src=\"https:\/\/oppel.at\/wp-content\/uploads\/2023\/08\/oppel_Palais-Bellevue_Kassel_crop-468x468.jpg\" class=\"attachment-blog-thumb-2 size-blog-thumb-2 wp-post-image\" alt=\"Refractions\" srcset=\"https:\/\/oppel.at\/wp-content\/uploads\/2023\/08\/oppel_Palais-Bellevue_Kassel_crop-468x468.jpg 468w, https:\/\/oppel.at\/wp-content\/uploads\/2023\/08\/oppel_Palais-Bellevue_Kassel_crop-150x150.jpg 150w\" sizes=\"auto, (max-width: 468px) 100vw, 468px\" \/><\/a>\r\n            <\/div>\r\n                            <div class=\"wp-block-getwid-recent-posts__content-wrapper\">\r\n                                    <header class=\"wp-block-getwid-recent-posts__entry-header\">\r\n                                                    <h3 class=\"wp-block-getwid-recent-posts__post-title\"><a href=\"https:\/\/oppel.at\/en\/2023\/08\/06\/brechungen\/\">Refractions<\/a><\/h3>                                                                    <\/header>\r\n                                <div class=\"wp-block-getwid-recent-posts__post-content\">Klangkunst-Ausstellung im Palais Bellevue, Kassel 2. September bis 1. Oktober 2023 Als Auftakt des Programms der Stiftung Br\u00fcckner-K\u00fchner im Palais Bellevue gestaltet Clara Oppel eine raumgreifende Audioinstallation: ein verwobenes, schwingendes und begehbares Gebilde, das aus jeder H\u00f6rrichtung anders klingt. Der Klang aus Soundscapes der Natur sowie Stimmen und Gedanken br\u00f6selt bis ins Mikroskopische hinein, so&hellip;<\/div>\r\n                \r\n                            <\/div>\r\n            <\/div>\r\n<\/article>\r\n\r\n<article id=\"post-874\" class=\"wp-block-getwid-recent-posts__post\">\r\n    <div class=\"wp-block-getwid-recent-posts__post-wrapper\">\r\n                    <div class=\"wp-block-getwid-recent-posts__post-thumbnail\">\r\n                <a href=\"https:\/\/oppel.at\/en\/2023\/06\/13\/holding-breath\/\"><img loading=\"lazy\" decoding=\"async\" width=\"468\" height=\"468\" src=\"https:\/\/oppel.at\/wp-content\/uploads\/2023\/06\/210628_holding-breath_web-468x468.png\" class=\"attachment-blog-thumb-2 size-blog-thumb-2 wp-post-image\" alt=\"Holding Breath\" srcset=\"https:\/\/oppel.at\/wp-content\/uploads\/2023\/06\/210628_holding-breath_web-468x468.png 468w, https:\/\/oppel.at\/wp-content\/uploads\/2023\/06\/210628_holding-breath_web-150x150.png 150w\" sizes=\"auto, (max-width: 468px) 100vw, 468px\" \/><\/a>\r\n            <\/div>\r\n                            <div class=\"wp-block-getwid-recent-posts__content-wrapper\">\r\n                                    <header class=\"wp-block-getwid-recent-posts__entry-header\">\r\n                                                    <h3 class=\"wp-block-getwid-recent-posts__post-title\"><a href=\"https:\/\/oppel.at\/en\/2023\/06\/13\/holding-breath\/\">Holding Breath<\/a><\/h3>                                                                    <\/header>\r\n                                <div class=\"wp-block-getwid-recent-posts__post-content\">Exhibition Saturday, 26. August 2023, 13:00-19:30 @Kongre\u00dfbad, Julius-Meinl-Gasse 7A, 1160 Vienna. K\u00fcnstler*innen: Zavoloka (UA), Alex Franz Zehetbauer (USA\/AT), mit Christian Schr\u00f6der (AT), Clara Oppel (AT), Tahereh Nourani (IR) und DJ KJOS (AT).<\/div>\r\n                \r\n                            <\/div>\r\n            <\/div>\r\n<\/article>\r\n\r\n<article id=\"post-854\" class=\"wp-block-getwid-recent-posts__post\">\r\n    <div class=\"wp-block-getwid-recent-posts__post-wrapper\">\r\n                    <div class=\"wp-block-getwid-recent-posts__post-thumbnail\">\r\n                <a href=\"https:\/\/oppel.at\/en\/2023\/06\/13\/bildraum-bodensee\/\"><img loading=\"lazy\" decoding=\"async\" width=\"468\" height=\"220\" src=\"https:\/\/oppel.at\/wp-content\/uploads\/2023\/05\/BildraumBodensee-468x220.jpg\" class=\"attachment-blog-thumb-2 size-blog-thumb-2 wp-post-image\" alt=\"Bildraum Bodensee\" \/><\/a>\r\n            <\/div>\r\n                            <div class=\"wp-block-getwid-recent-posts__content-wrapper\">\r\n                                    <header class=\"wp-block-getwid-recent-posts__entry-header\">\r\n                                                    <h3 class=\"wp-block-getwid-recent-posts__post-title\"><a href=\"https:\/\/oppel.at\/en\/2023\/06\/13\/bildraum-bodensee\/\">Bildraum Bodensee<\/a><\/h3>                                                                    <\/header>\r\n                                <div class=\"wp-block-getwid-recent-posts__post-content\">Exhibition July 21, 2023 &#8211; September 12, 2023, Bildraum Bodensee Opening: Friday, July 21, 7 p.m.<\/div>\r\n                \r\n                            <\/div>\r\n            <\/div>\r\n<\/article>\r\n\r\n<article id=\"post-1302\" class=\"wp-block-getwid-recent-posts__post\">\r\n    <div class=\"wp-block-getwid-recent-posts__post-wrapper\">\r\n                    <div class=\"wp-block-getwid-recent-posts__post-thumbnail\">\r\n                <a href=\"https:\/\/oppel.at\/en\/2023\/06\/03\/radio-feature-die-klangkunstlerin-clara-oppel-innere-und-ausere-raume\/\"><img loading=\"lazy\" decoding=\"async\" width=\"468\" height=\"432\" src=\"https:\/\/oppel.at\/wp-content\/uploads\/2023\/07\/DLF_kultur_768x432-468x432.jpg\" class=\"attachment-blog-thumb-2 size-blog-thumb-2 wp-post-image\" alt=\"Radio Feature: Die Klangk\u00fcnstlerin Clara Oppel &#8211; Innere und \u00e4u\u00dfere R\u00e4ume\" \/><\/a>\r\n            <\/div>\r\n                            <div class=\"wp-block-getwid-recent-posts__content-wrapper\">\r\n                                    <header class=\"wp-block-getwid-recent-posts__entry-header\">\r\n                                                    <h3 class=\"wp-block-getwid-recent-posts__post-title\"><a href=\"https:\/\/oppel.at\/en\/2023\/06\/03\/radio-feature-die-klangkunstlerin-clara-oppel-innere-und-ausere-raume\/\">Radio Feature: Die Klangk\u00fcnstlerin Clara Oppel &#8211; Innere und \u00e4u\u00dfere R\u00e4ume<\/a><\/h3>                                                                    <\/header>\r\n                                <div class=\"wp-block-getwid-recent-posts__post-content\">Deutschlandfunk Kultur By Florian Neuner\u00a0\u00b7\u00a001. M\u00e4rz 2022, 00:05 Uhr<\/div>\r\n                \r\n                            <\/div>\r\n            <\/div>\r\n<\/article>\r\n\t\t\t<\/div>\r\n\t\t<\/div>\r\n\t\t\n\n\n<div style=\"height:100px\" aria-hidden=\"true\" class=\"wp-block-spacer\"><\/div>\n","protected":false},"excerpt":{"rendered":"","protected":false},"author":1,"featured_media":0,"parent":0,"menu_order":0,"comment_status":"closed","ping_status":"closed","template":"","meta":{"_acf_changed":false,"_uag_custom_page_level_css":"","footnotes":""},"class_list":["post-841","page","type-page","status-publish","hentry"],"acf":[],"yoast_head":"<!-- This site is optimized with the Yoast SEO plugin v22.2 - https:\/\/yoast.com\/wordpress\/plugins\/seo\/ -->\n<title>News - CLARA OPPEL<\/title>\n<meta name=\"robots\" content=\"index, follow, max-snippet:-1, max-image-preview:large, max-video-preview:-1\" \/>\n<link rel=\"canonical\" href=\"https:\/\/oppel.at\/en\/news\/\" \/>\n<meta property=\"og:locale\" content=\"en_US\" \/>\n<meta property=\"og:type\" content=\"article\" \/>\n<meta property=\"og:title\" content=\"News - CLARA OPPEL\" \/>\n<meta property=\"og:url\" content=\"https:\/\/oppel.at\/en\/news\/\" \/>\n<meta property=\"og:site_name\" content=\"CLARA OPPEL\" \/>\n<meta property=\"article:modified_time\" content=\"2023-07-03T15:16:13+00:00\" \/>\n<meta name=\"twitter:card\" content=\"summary_large_image\" \/>\n<script type=\"application\/ld+json\" class=\"yoast-schema-graph\">{\"@context\":\"https:\/\/schema.org\",\"@graph\":[{\"@type\":\"WebPage\",\"@id\":\"https:\/\/oppel.at\/en\/news\/\",\"url\":\"https:\/\/oppel.at\/en\/news\/\",\"name\":\"News - CLARA OPPEL\",\"isPartOf\":{\"@id\":\"https:\/\/oppel.at\/en\/#website\"},\"datePublished\":\"2023-05-17T10:07:00+00:00\",\"dateModified\":\"2023-07-03T15:16:13+00:00\",\"inLanguage\":\"en-US\",\"potentialAction\":[{\"@type\":\"ReadAction\",\"target\":[\"https:\/\/oppel.at\/en\/news\/\"]}]},{\"@type\":\"WebSite\",\"@id\":\"https:\/\/oppel.at\/en\/#website\",\"url\":\"https:\/\/oppel.at\/en\/\",\"name\":\"CLARA OPPEL\",\"description\":\"Raum, Klang, Installation und Skulptur\",\"publisher\":{\"@id\":\"https:\/\/oppel.at\/en\/#organization\"},\"potentialAction\":[{\"@type\":\"SearchAction\",\"target\":{\"@type\":\"EntryPoint\",\"urlTemplate\":\"https:\/\/oppel.at\/en\/?s={search_term_string}\"},\"query-input\":\"required name=search_term_string\"}],\"inLanguage\":\"en-US\"},{\"@type\":\"Organization\",\"@id\":\"https:\/\/oppel.at\/en\/#organization\",\"name\":\"CLARA OPPEL\",\"url\":\"https:\/\/oppel.at\/en\/\",\"logo\":{\"@type\":\"ImageObject\",\"inLanguage\":\"en-US\",\"@id\":\"https:\/\/oppel.at\/en\/#\/schema\/logo\/image\/\",\"url\":\"https:\/\/oppel.at\/wp-content\/uploads\/2023\/06\/appletouch.png\",\"contentUrl\":\"https:\/\/oppel.at\/wp-content\/uploads\/2023\/06\/appletouch.png\",\"width\":114,\"height\":114,\"caption\":\"CLARA OPPEL\"},\"image\":{\"@id\":\"https:\/\/oppel.at\/en\/#\/schema\/logo\/image\/\"}}]}<\/script>\n<!-- \/ Yoast SEO plugin. -->","yoast_head_json":{"title":"News - CLARA OPPEL","robots":{"index":"index","follow":"follow","max-snippet":"max-snippet:-1","max-image-preview":"max-image-preview:large","max-video-preview":"max-video-preview:-1"},"canonical":"https:\/\/oppel.at\/en\/news\/","og_locale":"en_US","og_type":"article","og_title":"News - CLARA OPPEL","og_url":"https:\/\/oppel.at\/en\/news\/","og_site_name":"CLARA OPPEL","article_modified_time":"2023-07-03T15:16:13+00:00","twitter_card":"summary_large_image","schema":{"@context":"https:\/\/schema.org","@graph":[{"@type":"WebPage","@id":"https:\/\/oppel.at\/en\/news\/","url":"https:\/\/oppel.at\/en\/news\/","name":"News - CLARA OPPEL","isPartOf":{"@id":"https:\/\/oppel.at\/en\/#website"},"datePublished":"2023-05-17T10:07:00+00:00","dateModified":"2023-07-03T15:16:13+00:00","inLanguage":"en-US","potentialAction":[{"@type":"ReadAction","target":["https:\/\/oppel.at\/en\/news\/"]}]},{"@type":"WebSite","@id":"https:\/\/oppel.at\/en\/#website","url":"https:\/\/oppel.at\/en\/","name":"CLARA OPPEL","description":"Raum, Klang, Installation und Skulptur","publisher":{"@id":"https:\/\/oppel.at\/en\/#organization"},"potentialAction":[{"@type":"SearchAction","target":{"@type":"EntryPoint","urlTemplate":"https:\/\/oppel.at\/en\/?s={search_term_string}"},"query-input":"required name=search_term_string"}],"inLanguage":"en-US"},{"@type":"Organization","@id":"https:\/\/oppel.at\/en\/#organization","name":"CLARA OPPEL","url":"https:\/\/oppel.at\/en\/","logo":{"@type":"ImageObject","inLanguage":"en-US","@id":"https:\/\/oppel.at\/en\/#\/schema\/logo\/image\/","url":"https:\/\/oppel.at\/wp-content\/uploads\/2023\/06\/appletouch.png","contentUrl":"https:\/\/oppel.at\/wp-content\/uploads\/2023\/06\/appletouch.png","width":114,"height":114,"caption":"CLARA OPPEL"},"image":{"@id":"https:\/\/oppel.at\/en\/#\/schema\/logo\/image\/"}}]}},"jetpack_sharing_enabled":true,"uagb_featured_image_src":{"full":false,"thumbnail":false,"medium":false,"medium_large":false,"large":false,"1536x1536":false,"2048x2048":false,"blog-thumb-1":false,"blog-thumb-2":false,"blog-thumb-3":false,"blog-single-1":false,"portfolio-single-img-1":false,"portfolio-single-img-2":false,"portfolio-single-img-3":false,"portfolio-single-img-4":false,"portfolio-img-1":false,"portfolio-img-2":false,"portfolio-img-3":false},"uagb_author_info":{"display_name":"frank","author_link":"https:\/\/oppel.at\/en\/author\/frank\/"},"uagb_comment_info":0,"uagb_excerpt":null,"_links":{"self":[{"href":"https:\/\/oppel.at\/en\/wp-json\/wp\/v2\/pages\/841","targetHints":{"allow":["GET"]}}],"collection":[{"href":"https:\/\/oppel.at\/en\/wp-json\/wp\/v2\/pages"}],"about":[{"href":"https:\/\/oppel.at\/en\/wp-json\/wp\/v2\/types\/page"}],"author":[{"embeddable":true,"href":"https:\/\/oppel.at\/en\/wp-json\/wp\/v2\/users\/1"}],"replies":[{"embeddable":true,"href":"https:\/\/oppel.at\/en\/wp-json\/wp\/v2\/comments?post=841"}],"version-history":[{"count":6,"href":"https:\/\/oppel.at\/en\/wp-json\/wp\/v2\/pages\/841\/revisions"}],"predecessor-version":[{"id":1308,"href":"https:\/\/oppel.at\/en\/wp-json\/wp\/v2\/pages\/841\/revisions\/1308"}],"wp:attachment":[{"href":"https:\/\/oppel.at\/en\/wp-json\/wp\/v2\/media?parent=841"}],"curies":[{"name":"wp","href":"https:\/\/api.w.org\/{rel}","templated":true}]}}